{"id":104,"date":"2018-08-06T11:23:15","date_gmt":"2018-08-06T14:23:15","guid":{"rendered":"https:\/\/glax.frenify.net\/1\/?page_id=104"},"modified":"2022-01-19T09:40:18","modified_gmt":"2022-01-19T12:40:18","slug":"services","status":"publish","type":"page","link":"https:\/\/engenhariaoeste.com.br\/index.php\/services\/","title":{"rendered":"\u00c1reas de Atua\u00e7\u00e3o"},"content":{"rendered":"<h3>What we offer<\/h3>\n<p>Bring to the table win-win survival strategies to ensure proactive domination. At the end of the day, going forward, a new normal that has evolved from generation X is on the runway heading towards.<\/p>\n","protected":false},"excerpt":{"rendered":"<p>What we offer Bring to the table win-win survival strategies to ensure proactive domination. At the end of the day, going forward, a new normal that has evolved from generation X is on the runway heading towards.<\/p>\n","protected":false},"author":1,"featured_media":0,"parent":0,"menu_order":0,"comment_status":"closed","ping_status":"closed","template":"page-service.php","meta":{"footnotes":""},"_links":{"self":[{"href":"https:\/\/engenhariaoeste.com.br\/index.php\/wp-json\/wp\/v2\/pages\/104"}],"collection":[{"href":"https:\/\/engenhariaoeste.com.br\/index.php\/wp-json\/wp\/v2\/pages"}],"about":[{"href":"https:\/\/engenhariaoeste.com.br\/index.php\/wp-json\/wp\/v2\/types\/page"}],"author":[{"embeddable":true,"href":"https:\/\/engenhariaoeste.com.br\/index.php\/wp-json\/wp\/v2\/users\/1"}],"replies":[{"embeddable":true,"href":"https:\/\/engenhariaoeste.com.br\/index.php\/wp-json\/wp\/v2\/comments?post=104"}],"version-history":[{"count":2,"href":"https:\/\/engenhariaoeste.com.br\/index.php\/wp-json\/wp\/v2\/pages\/104\/revisions"}],"predecessor-version":[{"id":886,"href":"https:\/\/engenhariaoeste.com.br\/index.php\/wp-json\/wp\/v2\/pages\/104\/revisions\/886"}],"wp:attachment":[{"href":"https:\/\/engenhariaoeste.com.br\/index.php\/wp-json\/wp\/v2\/media?parent=104"}],"curies":[{"name":"wp","href":"https:\/\/api.w.org\/{rel}","templated":true}]}}